{"id":1030,"date":"2023-10-18T15:59:12","date_gmt":"2023-10-18T15:59:12","guid":{"rendered":"https:\/\/grupotech.cl\/?page_id=1030"},"modified":"2023-10-20T14:33:17","modified_gmt":"2023-10-20T14:33:17","slug":"puntos-grupotech","status":"publish","type":"page","link":"https:\/\/grupotech.cl\/fr\/puntos-grupotech\/","title":{"rendered":"Puntos Grupotech"},"content":{"rendered":"<div data-elementor-type=\"wp-page\" data-elementor-id=\"1030\" class=\"elementor elementor-1030\" data-elementor-settings=\"{&quot;ha_cmc_init_switcher&quot;:&quot;no&quot;}\" data-elementor-post-type=\"page\">\n\t\t\t\t\t\t<section class=\"elementor-section elementor-top-section elementor-element elementor-element-703ae3ba elementor-section-boxed elementor-section-height-default elementor-section-height-default wpr-particle-no wpr-jarallax-no wpr-parallax-no wpr-sticky-section-no\" data-id=\"703ae3ba\" data-element_type=\"section\" data-e-type=\"section\" data-settings=\"{&quot;background_background&quot;:&quot;classic&quot;,&quot;_ha_eqh_enable&quot;:false}\">\n\t\t\t\t\t\t\t<div class=\"elementor-background-overlay\"><\/div>\n\t\t\t\t\t\t\t<div class=\"elementor-container elementor-column-gap-default\">\n\t\t\t\t\t<div class=\"elementor-column elementor-col-50 elementor-top-column elementor-element elementor-element-32cac300\" data-id=\"32cac300\" data-element_type=\"column\" data-e-type=\"column\">\n\t\t\t<div class=\"elementor-widget-wrap elementor-element-populated\">\n\t\t\t\t\t\t<div class=\"elementor-element elementor-element-fedc23e elementor-widget__width-initial elementor-widget elementor-widget-elementskit-heading\" data-id=\"fedc23e\" data-element_type=\"widget\" data-e-type=\"widget\" data-widget_type=\"elementskit-heading.default\">\n\t\t\t\t<div class=\"elementor-widget-container\">\n\t\t\t\t\t<div class=\"ekit-wid-con\" ><div class=\"ekit-heading elementskit-section-title-wraper text_left   ekit_heading_tablet-   ekit_heading_mobile-text_center\"><h2 class=\"ekit-heading--title elementskit-section-title\">\u00a1Gana con <span>Puntos Grupotech!<\/h2><\/div><\/div>\t\t\t\t<\/div>\n\t\t\t\t<\/div>\n\t\t\t\t<div class=\"elementor-element elementor-element-be72d7d elementor-widget elementor-widget-elementskit-heading\" data-id=\"be72d7d\" data-element_type=\"widget\" data-e-type=\"widget\" data-widget_type=\"elementskit-heading.default\">\n\t\t\t\t<div class=\"elementor-widget-container\">\n\t\t\t\t\t<div class=\"ekit-wid-con\" ><div class=\"ekit-heading elementskit-section-title-wraper text_left   ekit_heading_tablet-   ekit_heading_mobile-text_center\">\t\t\t\t<div class='ekit-heading__description'>\n\t\t\t\t\t<p>En Grupotech, estamos entusiasmados de presentarte nuestro nuevo sistema de recompensas: \u00a1Puntos Grupotech! Queremos agradecer a nuestros clientes por su apoyo y confianza, y qu\u00e9 mejor manera que retribuirte por ayudarnos a crecer.<\/p>\n\t\t\t\t<\/div>\n\t\t\t<\/div><\/div>\t\t\t\t<\/div>\n\t\t\t\t<\/div>\n\t\t\t\t\t<\/div>\n\t\t<\/div>\n\t\t\t\t<div class=\"elementor-column elementor-col-50 elementor-top-column elementor-element elementor-element-3fceecb4\" data-id=\"3fceecb4\" data-element_type=\"column\" data-e-type=\"column\" data-settings=\"{&quot;background_background&quot;:&quot;classic&quot;}\">\n\t\t\t<div class=\"elementor-widget-wrap elementor-element-populated\">\n\t\t\t\t\t\t<div class=\"elementor-element elementor-element-c304e47 elementor-widget elementor-widget-image\" data-id=\"c304e47\" data-element_type=\"widget\" data-e-type=\"widget\" data-widget_type=\"image.default\">\n\t\t\t\t<div class=\"elementor-widget-container\">\n\t\t\t\t\t\t\t\t\t\t\t\t\t\t\t<img fetchpriority=\"high\" decoding=\"async\" width=\"1080\" height=\"426\" src=\"data:image\/gif;base64,R0lGODlhAQABAIAAAAAAAP\/\/\/yH5BAEAAAAALAAAAAABAAEAAAIBRAA7\" data-src=\"https:\/\/grupotech.cl\/wp-content\/uploads\/2023\/10\/Puntos_Mesa-de-trabajo-1.png\" class=\"attachment-full size-full wp-image-1020 lazyload\" alt=\"\" data-srcset=\"https:\/\/grupotech.cl\/wp-content\/uploads\/2023\/10\/Puntos_Mesa-de-trabajo-1.png 1080w, https:\/\/grupotech.cl\/wp-content\/uploads\/2023\/10\/Puntos_Mesa-de-trabajo-1-300x118.png 300w, https:\/\/grupotech.cl\/wp-content\/uploads\/2023\/10\/Puntos_Mesa-de-trabajo-1-1024x404.png 1024w, https:\/\/grupotech.cl\/wp-content\/uploads\/2023\/10\/Puntos_Mesa-de-trabajo-1-768x303.png 768w, https:\/\/grupotech.cl\/wp-content\/uploads\/2023\/10\/Puntos_Mesa-de-trabajo-1-18x7.png 18w\" sizes=\"(max-width: 1080px) 100vw, 1080px\" \/><noscript><img decoding=\"async\" width=\"1080\" height=\"426\" src=\"https:\/\/grupotech.cl\/wp-content\/uploads\/2023\/10\/Puntos_Mesa-de-trabajo-1.png\" class=\"attachment-full size-full wp-image-1020 lazyload\" alt=\"\" srcset=\"https:\/\/grupotech.cl\/wp-content\/uploads\/2023\/10\/Puntos_Mesa-de-trabajo-1.png 1080w, https:\/\/grupotech.cl\/wp-content\/uploads\/2023\/10\/Puntos_Mesa-de-trabajo-1-300x118.png 300w, https:\/\/grupotech.cl\/wp-content\/uploads\/2023\/10\/Puntos_Mesa-de-trabajo-1-1024x404.png 1024w, https:\/\/grupotech.cl\/wp-content\/uploads\/2023\/10\/Puntos_Mesa-de-trabajo-1-768x303.png 768w, https:\/\/grupotech.cl\/wp-content\/uploads\/2023\/10\/Puntos_Mesa-de-trabajo-1-18x7.png 18w\" sizes=\"(max-width: 1080px) 100vw, 1080px\" \/><\/noscript>\t\t\t\t\t\t\t\t\t\t\t\t\t\t\t<\/div>\n\t\t\t\t<\/div>\n\t\t\t\t<div class=\"elementor-element elementor-element-2702082 elementor-widget elementor-widget-html\" data-id=\"2702082\" data-element_type=\"widget\" data-e-type=\"widget\" data-widget_type=\"html.default\">\n\t\t\t\t<div class=\"elementor-widget-container\">\n\t\t\t\t\t<iframe data-skip-lazy=\"\" data-src=\"https:\/\/grupotech.ipzmarketing.com\/f\/RTS5vHCek0Y\" frameborder=\"0\" scrolling=\"no\" width=\"100%\" class=\"ipz-iframe lazyload\"><\/iframe>\n<script data-cfasync=\"false\" type=\"text\/javascript\" src=\"https:\/\/assets.ipzmarketing.com\/assets\/signup_form\/iframe_v1.js\"><\/script>\t\t\t\t<\/div>\n\t\t\t\t<\/div>\n\t\t\t\t\t<\/div>\n\t\t<\/div>\n\t\t\t\t\t<\/div>\n\t\t<\/section>\n\t\t\t\t<section class=\"elementor-section elementor-top-section elementor-element elementor-element-3c4fba08 elementor-section-content-middle elementor-reverse-tablet elementor-reverse-mobile elementor-section-boxed elementor-section-height-default elementor-section-height-default wpr-particle-no wpr-jarallax-no wpr-parallax-no wpr-sticky-section-no\" data-id=\"3c4fba08\" data-element_type=\"section\" data-e-type=\"section\" data-settings=\"{&quot;_ha_eqh_enable&quot;:false}\">\n\t\t\t\t\t\t<div class=\"elementor-container elementor-column-gap-default\">\n\t\t\t\t\t<div class=\"elementor-column elementor-col-50 elementor-top-column elementor-element elementor-element-a63cc39\" data-id=\"a63cc39\" data-element_type=\"column\" data-e-type=\"column\">\n\t\t\t<div class=\"elementor-widget-wrap elementor-element-populated\">\n\t\t\t\t\t\t<div class=\"elementor-element elementor-element-b514b26 elementor-widget elementor-widget-elementskit-heading\" data-id=\"b514b26\" data-element_type=\"widget\" data-e-type=\"widget\" data-widget_type=\"elementskit-heading.default\">\n\t\t\t\t<div class=\"elementor-widget-container\">\n\t\t\t\t\t<div class=\"ekit-wid-con\" ><div class=\"ekit-heading elementskit-section-title-wraper text_left   ekit_heading_tablet-   ekit_heading_mobile-text_center\"><h2 class=\"ekit-heading--title elementskit-section-title\">\u00bfC\u00f3mo <span>Funciona?<\/h2>\t\t\t\t<div class='ekit-heading__description'>\n\t\t\t\t\t<p><span style=\"font-weight: 400\">Cuando recomiendas nuestros servicios a otros, puedes ganar un <strong>10% de bonificaci\u00f3n<\/strong> en la factura total. Si est\u00e1s recomendando un contrato anual, obtendr\u00e1s un <strong>15% de la primera factura<\/strong>. <\/span><\/p>\n<p><strong>\u00a1Es una forma sencilla de ganar mientras compartes lo que amas!<\/strong><\/p>\n\t\t\t\t<\/div>\n\t\t\t<\/div><\/div>\t\t\t\t<\/div>\n\t\t\t\t<\/div>\n\t\t\t\t\t<\/div>\n\t\t<\/div>\n\t\t\t\t<div class=\"elementor-column elementor-col-50 elementor-top-column elementor-element elementor-element-4a02aefa\" data-id=\"4a02aefa\" data-element_type=\"column\" data-e-type=\"column\">\n\t\t\t<div class=\"elementor-widget-wrap elementor-element-populated\">\n\t\t\t\t\t\t<div class=\"elementor-element elementor-element-4dee03bb elementor-widget elementor-widget-image\" data-id=\"4dee03bb\" data-element_type=\"widget\" data-e-type=\"widget\" data-widget_type=\"image.default\">\n\t\t\t\t<div class=\"elementor-widget-container\">\n\t\t\t\t\t\t\t\t\t\t\t\t\t\t\t<img decoding=\"async\" width=\"800\" height=\"821\" src=\"data:image\/gif;base64,R0lGODlhAQABAIAAAAAAAP\/\/\/yH5BAEAAAAALAAAAAABAAEAAAIBRAA7\" data-src=\"https:\/\/grupotech.cl\/wp-content\/uploads\/2022\/05\/IMAGEN2-998x1024.png\" class=\"attachment-large size-large wp-image-138 lazyload\" alt=\"Grupotech\" data-srcset=\"https:\/\/grupotech.cl\/wp-content\/uploads\/2022\/05\/IMAGEN2-998x1024.png 998w, https:\/\/grupotech.cl\/wp-content\/uploads\/2022\/05\/IMAGEN2-292x300.png 292w, https:\/\/grupotech.cl\/wp-content\/uploads\/2022\/05\/IMAGEN2-768x788.png 768w, https:\/\/grupotech.cl\/wp-content\/uploads\/2022\/05\/IMAGEN2.png 1200w\" sizes=\"(max-width: 800px) 100vw, 800px\" \/><noscript><img loading=\"lazy\" decoding=\"async\" width=\"800\" height=\"821\" src=\"https:\/\/grupotech.cl\/wp-content\/uploads\/2022\/05\/IMAGEN2-998x1024.png\" class=\"attachment-large size-large wp-image-138 lazyload\" alt=\"Grupotech\" srcset=\"https:\/\/grupotech.cl\/wp-content\/uploads\/2022\/05\/IMAGEN2-998x1024.png 998w, https:\/\/grupotech.cl\/wp-content\/uploads\/2022\/05\/IMAGEN2-292x300.png 292w, https:\/\/grupotech.cl\/wp-content\/uploads\/2022\/05\/IMAGEN2-768x788.png 768w, https:\/\/grupotech.cl\/wp-content\/uploads\/2022\/05\/IMAGEN2.png 1200w\" sizes=\"(max-width: 800px) 100vw, 800px\" \/><\/noscript>\t\t\t\t\t\t\t\t\t\t\t\t\t\t\t<\/div>\n\t\t\t\t<\/div>\n\t\t\t\t\t<\/div>\n\t\t<\/div>\n\t\t\t\t\t<\/div>\n\t\t<\/section>\n\t\t\t\t<section class=\"elementor-section elementor-top-section elementor-element elementor-element-5474b1fa elementor-section-boxed elementor-section-height-default elementor-section-height-default wpr-particle-no wpr-jarallax-no wpr-parallax-no wpr-sticky-section-no\" data-id=\"5474b1fa\" data-element_type=\"section\" data-e-type=\"section\" data-settings=\"{&quot;background_background&quot;:&quot;classic&quot;,&quot;_ha_eqh_enable&quot;:false}\">\n\t\t\t\t\t\t<div class=\"elementor-container elementor-column-gap-default\">\n\t\t\t\t\t<div class=\"elementor-column elementor-col-50 elementor-top-column elementor-element elementor-element-e9ba590\" data-id=\"e9ba590\" data-element_type=\"column\" data-e-type=\"column\">\n\t\t\t<div class=\"elementor-widget-wrap elementor-element-populated\">\n\t\t\t\t\t\t<div class=\"elementor-element elementor-element-669ad6fd elementor-widget elementor-widget-image\" data-id=\"669ad6fd\" data-element_type=\"widget\" data-e-type=\"widget\" data-widget_type=\"image.default\">\n\t\t\t\t<div class=\"elementor-widget-container\">\n\t\t\t\t\t\t\t\t\t\t\t\t\t\t\t<img loading=\"lazy\" decoding=\"async\" width=\"800\" height=\"821\" src=\"data:image\/gif;base64,R0lGODlhAQABAIAAAAAAAP\/\/\/yH5BAEAAAAALAAAAAABAAEAAAIBRAA7\" data-src=\"https:\/\/grupotech.cl\/wp-content\/uploads\/2022\/05\/a7-998x1024.png\" class=\"attachment-large size-large wp-image-285 lazyload\" alt=\"\" data-srcset=\"https:\/\/grupotech.cl\/wp-content\/uploads\/2022\/05\/a7-998x1024.png 998w, https:\/\/grupotech.cl\/wp-content\/uploads\/2022\/05\/a7-292x300.png 292w, https:\/\/grupotech.cl\/wp-content\/uploads\/2022\/05\/a7-768x788.png 768w, https:\/\/grupotech.cl\/wp-content\/uploads\/2022\/05\/a7.png 1200w\" sizes=\"(max-width: 800px) 100vw, 800px\" \/><noscript><img loading=\"lazy\" decoding=\"async\" width=\"800\" height=\"821\" src=\"https:\/\/grupotech.cl\/wp-content\/uploads\/2022\/05\/a7-998x1024.png\" class=\"attachment-large size-large wp-image-285 lazyload\" alt=\"\" srcset=\"https:\/\/grupotech.cl\/wp-content\/uploads\/2022\/05\/a7-998x1024.png 998w, https:\/\/grupotech.cl\/wp-content\/uploads\/2022\/05\/a7-292x300.png 292w, https:\/\/grupotech.cl\/wp-content\/uploads\/2022\/05\/a7-768x788.png 768w, https:\/\/grupotech.cl\/wp-content\/uploads\/2022\/05\/a7.png 1200w\" sizes=\"(max-width: 800px) 100vw, 800px\" \/><\/noscript>\t\t\t\t\t\t\t\t\t\t\t\t\t\t\t<\/div>\n\t\t\t\t<\/div>\n\t\t\t\t\t<\/div>\n\t\t<\/div>\n\t\t\t\t<div class=\"elementor-column elementor-col-50 elementor-top-column elementor-element elementor-element-6238286b\" data-id=\"6238286b\" data-element_type=\"column\" data-e-type=\"column\">\n\t\t\t<div class=\"elementor-widget-wrap elementor-element-populated\">\n\t\t\t\t\t\t<div class=\"elementor-element elementor-element-5e7a7b0 elementor-widget elementor-widget-elementskit-heading\" data-id=\"5e7a7b0\" data-element_type=\"widget\" data-e-type=\"widget\" data-widget_type=\"elementskit-heading.default\">\n\t\t\t\t<div class=\"elementor-widget-container\">\n\t\t\t\t\t<div class=\"ekit-wid-con\" ><div class=\"ekit-heading elementskit-section-title-wraper text_left   ekit_heading_tablet-   ekit_heading_mobile-text_center\"><h2 class=\"ekit-heading--title elementskit-section-title\">\u00bfC\u00f3mo <span>Registrarse?<\/h2>\t\t\t\t<div class='ekit-heading__description'>\n\t\t\t\t\t<p>Para unirte al programa de recompensas, simplemente reg\u00edstrate en el <strong>formulario de esta pagina<\/strong>. Proporciona algunos detalles b\u00e1sicos, como tu nombre, correo electr\u00f3nico, tel\u00e9fono y\u00a0<strong>LISTO<\/strong><\/p>\n<p>Tambi\u00e9n, aseg\u00farate de ingresar la informaci\u00f3n de contacto que est\u00e1s recomendando, incluyendo su nombre, contacto, correo, empresa, proyecto y cualquier comentario o adjunto\u00a0relevante.<\/p>\n\t\t\t\t<\/div>\n\t\t\t<\/div><\/div>\t\t\t\t<\/div>\n\t\t\t\t<\/div>\n\t\t\t\t\t<\/div>\n\t\t<\/div>\n\t\t\t\t\t<\/div>\n\t\t<\/section>\n\t\t\t\t<section class=\"elementor-section elementor-top-section elementor-element elementor-element-7d218984 elementor-section-boxed elementor-section-height-default elementor-section-height-default wpr-particle-no wpr-jarallax-no wpr-parallax-no wpr-sticky-section-no\" data-id=\"7d218984\" data-element_type=\"section\" data-e-type=\"section\" data-settings=\"{&quot;_ha_eqh_enable&quot;:false}\">\n\t\t\t\t\t\t<div class=\"elementor-container elementor-column-gap-default\">\n\t\t\t\t\t<div class=\"elementor-column elementor-col-100 elementor-top-column elementor-element elementor-element-71d749ba\" data-id=\"71d749ba\" data-element_type=\"column\" data-e-type=\"column\">\n\t\t\t<div class=\"elementor-widget-wrap elementor-element-populated\">\n\t\t\t\t\t\t<div class=\"elementor-element elementor-element-8825d14 elementor-widget elementor-widget-elementskit-heading\" data-id=\"8825d14\" data-element_type=\"widget\" data-e-type=\"widget\" data-widget_type=\"elementskit-heading.default\">\n\t\t\t\t<div class=\"elementor-widget-container\">\n\t\t\t\t\t<div class=\"ekit-wid-con\" ><div class=\"ekit-heading elementskit-section-title-wraper text_center   ekit_heading_tablet-   ekit_heading_mobile-\"><h2 class=\"ekit-heading--title elementskit-section-title\">Beneficios de <span>Puntos Grupotech<\/h2><\/div><\/div>\t\t\t\t<\/div>\n\t\t\t\t<\/div>\n\t\t\t\t\t<\/div>\n\t\t<\/div>\n\t\t\t\t\t<\/div>\n\t\t<\/section>\n\t\t\t\t<section class=\"elementor-section elementor-top-section elementor-element elementor-element-78e8f4b1 elementor-section-boxed elementor-section-height-default elementor-section-height-default wpr-particle-no wpr-jarallax-no wpr-parallax-no wpr-sticky-section-no\" data-id=\"78e8f4b1\" data-element_type=\"section\" data-e-type=\"section\" data-settings=\"{&quot;_ha_eqh_enable&quot;:false}\">\n\t\t\t\t\t\t<div class=\"elementor-container elementor-column-gap-default\">\n\t\t\t\t\t<div class=\"elementor-column elementor-col-50 elementor-top-column elementor-element elementor-element-610c9331\" data-id=\"610c9331\" data-element_type=\"column\" data-e-type=\"column\">\n\t\t\t<div class=\"elementor-widget-wrap elementor-element-populated\">\n\t\t\t\t\t\t<div class=\"elementor-element elementor-element-4ecbee03 ha-infobox-media-dir-top elementor-widget elementor-widget-ha-infobox happy-addon ha-infobox\" data-id=\"4ecbee03\" data-element_type=\"widget\" data-e-type=\"widget\" data-widget_type=\"ha-infobox.default\">\n\t\t\t\t<div class=\"elementor-widget-container\">\n\t\t\t\t\t\n\t\t\t\t\t<figure class=\"ha-infobox-figure ha-infobox-figure--icon\">\n\t\t\t\t<i class=\"icon icon-handshake\"><\/i>\t\t\t<\/figure>\n\t\t\n\t\t<div class=\"ha-infobox-body\">\n\t\t\t<h2 class=\"ha-infobox-title\">Recompensas por Recomendar<\/h2>\n\t\t\t\t\t\t\t<div class=\"ha-infobox-text\">\n\t\t\t\t\t<p>Gana un 10% de bonificaci\u00f3n de las facturas al referir a amigos, colegas o contactos a nuestros servicios.\n<\/p>\n\t\t\t\t<\/div>\n\t\t\t\n\t\t\t\t\t<\/div>\n\t\t\t\t\t\t<\/div>\n\t\t\t\t<\/div>\n\t\t\t\t<div class=\"elementor-element elementor-element-6b98220f ha-infobox-media-dir-top elementor-widget elementor-widget-ha-infobox happy-addon ha-infobox\" data-id=\"6b98220f\" data-element_type=\"widget\" data-e-type=\"widget\" data-widget_type=\"ha-infobox.default\">\n\t\t\t\t<div class=\"elementor-widget-container\">\n\t\t\t\t\t\n\t\t\t\t\t<figure class=\"ha-infobox-figure ha-infobox-figure--icon\">\n\t\t\t\t<i class=\"hm hm-upward-top-right\"><\/i>\t\t\t<\/figure>\n\t\t\n\t\t<div class=\"ha-infobox-body\">\n\t\t\t<h2 class=\"ha-infobox-title\">Aumento de Ganancias<\/h2>\n\t\t\t\t\t\t\t<div class=\"ha-infobox-text\">\n\t\t\t\t\t<p>Cuantas m\u00e1s personas refieras, mayores ser\u00e1n tus recompensas, lo que te permite maximizar el valor de nuestros servicios.\n<\/p>\n\t\t\t\t<\/div>\n\t\t\t\n\t\t\t\t\t<\/div>\n\t\t\t\t\t\t<\/div>\n\t\t\t\t<\/div>\n\t\t\t\t\t<\/div>\n\t\t<\/div>\n\t\t\t\t<div class=\"elementor-column elementor-col-50 elementor-top-column elementor-element elementor-element-59895e34\" data-id=\"59895e34\" data-element_type=\"column\" data-e-type=\"column\">\n\t\t\t<div class=\"elementor-widget-wrap elementor-element-populated\">\n\t\t\t\t\t\t<div class=\"elementor-element elementor-element-1ddf91ec ha-infobox-media-dir-top elementor-widget elementor-widget-ha-infobox happy-addon ha-infobox\" data-id=\"1ddf91ec\" data-element_type=\"widget\" data-e-type=\"widget\" data-widget_type=\"ha-infobox.default\">\n\t\t\t\t<div class=\"elementor-widget-container\">\n\t\t\t\t\t\n\t\t\t\t\t<figure class=\"ha-infobox-figure ha-infobox-figure--icon\">\n\t\t\t\t<i class=\"icon icon-user-registration\"><\/i>\t\t\t<\/figure>\n\t\t\n\t\t<div class=\"ha-infobox-body\">\n\t\t\t<h2 class=\"ha-infobox-title\">Registro Sencillo<\/h2>\n\t\t\t\t\t\t\t<div class=\"ha-infobox-text\">\n\t\t\t\t\t<p>El proceso de registro en Puntos Grupotech es r\u00e1pido y f\u00e1cil, lo que te permite comenzar a disfrutar de los beneficios de inmediato.\n<\/p>\n\t\t\t\t<\/div>\n\t\t\t\n\t\t\t\t\t<\/div>\n\t\t\t\t\t\t<\/div>\n\t\t\t\t<\/div>\n\t\t\t\t<div class=\"elementor-element elementor-element-2f1fd658 ha-infobox-media-dir-top elementor-widget elementor-widget-ha-infobox happy-addon ha-infobox\" data-id=\"2f1fd658\" data-element_type=\"widget\" data-e-type=\"widget\" data-widget_type=\"ha-infobox.default\">\n\t\t\t\t<div class=\"elementor-widget-container\">\n\t\t\t\t\t\n\t\t\t\t\t<figure class=\"ha-infobox-figure ha-infobox-figure--icon\">\n\t\t\t\t<i class=\"hm hm-star\"><\/i>\t\t\t<\/figure>\n\t\t\n\t\t<div class=\"ha-infobox-body\">\n\t\t\t<h2 class=\"ha-infobox-title\">Apoyo al Crecimiento de Grupotech<\/h2>\n\t\t\t\t\t\t\t<div class=\"ha-infobox-text\">\n\t\t\t\t\t<p>Tu participaci\u00f3n contribuye al crecimiento de Grupotech al atraer nuevos clientes, y a cambio, te recompensamos\u00a0generosamente.<\/p>\n\t\t\t\t<\/div>\n\t\t\t\n\t\t\t\t\t<\/div>\n\t\t\t\t\t\t<\/div>\n\t\t\t\t<\/div>\n\t\t\t\t\t<\/div>\n\t\t<\/div>\n\t\t\t\t\t<\/div>\n\t\t<\/section>\n\t\t\t\t<section class=\"elementor-section elementor-top-section elementor-element elementor-element-e9dca61 elementor-section-boxed elementor-section-height-default elementor-section-height-default wpr-particle-no wpr-jarallax-no wpr-parallax-no wpr-sticky-section-no\" data-id=\"e9dca61\" data-element_type=\"section\" data-e-type=\"section\" data-settings=\"{&quot;_ha_eqh_enable&quot;:false}\">\n\t\t\t\t\t\t<div class=\"elementor-container elementor-column-gap-default\">\n\t\t\t\t\t<div class=\"elementor-column elementor-col-100 elementor-top-column elementor-element elementor-element-f36b06a\" data-id=\"f36b06a\" data-element_type=\"column\" data-e-type=\"column\">\n\t\t\t<div class=\"elementor-widget-wrap elementor-element-populated\">\n\t\t\t\t\t\t<div class=\"elementor-element elementor-element-ee78341 elementor-align-center elementor-widget elementor-widget-button\" data-id=\"ee78341\" data-element_type=\"widget\" data-e-type=\"widget\" data-widget_type=\"button.default\">\n\t\t\t\t<div class=\"elementor-widget-container\">\n\t\t\t\t\t\t\t\t\t<div class=\"elementor-button-wrapper\">\n\t\t\t\t\t<a class=\"elementor-button elementor-button-link elementor-size-lg\" href=\"https:\/\/grupotech.cl\/fr\/registro-puntos-grupotech\/\">\n\t\t\t\t\t\t<span class=\"elementor-button-content-wrapper\">\n\t\t\t\t\t\t\t\t\t<span class=\"elementor-button-text\">REGISTRAR REFERIDO<\/span>\n\t\t\t\t\t<\/span>\n\t\t\t\t\t<\/a>\n\t\t\t\t<\/div>\n\t\t\t\t\t\t\t\t<\/div>\n\t\t\t\t<\/div>\n\t\t\t\t\t<\/div>\n\t\t<\/div>\n\t\t\t\t\t<\/div>\n\t\t<\/section>\n\t\t\t\t<\/div>","protected":false},"excerpt":{"rendered":"<p>\u00a1Gana con Puntos Grupotech! En Grupotech, estamos entusiasmados de presentarte nuestro nuevo sistema de recompensas: \u00a1Puntos Grupotech! Queremos agradecer a nuestros clientes por su apoyo y confianza, y qu\u00e9 mejor manera que retribuirte por ayudarnos a crecer. \u00bfC\u00f3mo Funciona? Cuando recomiendas nuestros servicios a otros, puedes ganar un 10% de bonificaci\u00f3n en la factura total. Si est\u00e1s recomendando un contrato anual, obtendr\u00e1s un 15% de la primera factura. \u00a1Es una forma sencilla de ganar mientras compartes lo que amas! \u00bfC\u00f3mo Registrarse? Para unirte al programa de recompensas, simplemente reg\u00edstrate en el formulario de esta pagina. Proporciona algunos detalles b\u00e1sicos, como tu nombre, correo electr\u00f3nico, tel\u00e9fono y\u00a0LISTO Tambi\u00e9n, aseg\u00farate de ingresar la informaci\u00f3n de contacto que est\u00e1s recomendando, incluyendo su nombre, contacto, correo, empresa, proyecto y cualquier comentario o adjunto\u00a0relevante. Beneficios de Puntos Grupotech Recompensas por Recomendar Gana un 10% de bonificaci\u00f3n de las facturas al referir a amigos, colegas o contactos a nuestros servicios. Aumento de Ganancias Cuantas m\u00e1s personas refieras, mayores ser\u00e1n tus recompensas, lo que te permite maximizar el valor de nuestros servicios. Registro Sencillo El proceso de registro en Puntos Grupotech es r\u00e1pido y f\u00e1cil, lo que te permite comenzar a disfrutar de los beneficios de inmediato. Apoyo al Crecimiento de Grupotech Tu participaci\u00f3n contribuye al crecimiento de Grupotech al atraer nuevos clientes, y a cambio, te recompensamos\u00a0generosamente. REGISTRAR REFERIDO<\/p>","protected":false},"author":1,"featured_media":0,"parent":0,"menu_order":0,"comment_status":"closed","ping_status":"closed","template":"elementor_header_footer","meta":{"_monsterinsights_skip_tracking":false,"_monsterinsights_sitenote_active":false,"_monsterinsights_sitenote_note":"","_monsterinsights_sitenote_category":0,"_joinchat":[],"footnotes":""},"class_list":["post-1030","page","type-page","status-publish","hentry"],"_links":{"self":[{"href":"https:\/\/grupotech.cl\/fr\/wp-json\/wp\/v2\/pages\/1030","targetHints":{"allow":["GET"]}}],"collection":[{"href":"https:\/\/grupotech.cl\/fr\/wp-json\/wp\/v2\/pages"}],"about":[{"href":"https:\/\/grupotech.cl\/fr\/wp-json\/wp\/v2\/types\/page"}],"author":[{"embeddable":true,"href":"https:\/\/grupotech.cl\/fr\/wp-json\/wp\/v2\/users\/1"}],"replies":[{"embeddable":true,"href":"https:\/\/grupotech.cl\/fr\/wp-json\/wp\/v2\/comments?post=1030"}],"version-history":[{"count":65,"href":"https:\/\/grupotech.cl\/fr\/wp-json\/wp\/v2\/pages\/1030\/revisions"}],"predecessor-version":[{"id":1167,"href":"https:\/\/grupotech.cl\/fr\/wp-json\/wp\/v2\/pages\/1030\/revisions\/1167"}],"wp:attachment":[{"href":"https:\/\/grupotech.cl\/fr\/wp-json\/wp\/v2\/media?parent=1030"}],"curies":[{"name":"wp","href":"https:\/\/api.w.org\/{rel}","templated":true}]}}